{"id":167,"date":"2025-04-15T18:47:50","date_gmt":"2025-04-15T16:47:50","guid":{"rendered":"https:\/\/petr3.thedilna.cz\/?page_id=167"},"modified":"2025-04-15T20:31:37","modified_gmt":"2025-04-15T18:31:37","slug":"elementor-167","status":"publish","type":"page","link":"https:\/\/petr3.thedilna.cz\/?page_id=167","title":{"rendered":"Realizace"},"content":{"rendered":"\t\t<div data-elementor-type=\"wp-page\" data-elementor-id=\"167\" class=\"elementor elementor-167\">\n\t\t\t\t<div class=\"elementor-element elementor-element-bae189a e-con-full e-flex e-con e-parent\" data-id=\"bae189a\" data-element_type=\"container\" data-settings=\"{&quot;background_background&quot;:&quot;video&quot;,&quot;background_video_link&quot;:&quot;https:\\\/\\\/vimeo.com\\\/1075785680\\\/c12a534e40&quot;,&quot;background_video_start&quot;:0,&quot;background_play_on_mobile&quot;:&quot;yes&quot;}\">\n\t\t<div class=\"elementor-background-video-container\">\n\t\t\t\t\t\t\t<div class=\"elementor-background-video-embed\"><\/div>\n\t\t\t\t\t\t<\/div><div class=\"elementor-element elementor-element-fc46c38 e-con-full elementor-hidden-mobile e-flex e-con e-child\" data-id=\"fc46c38\" data-element_type=\"container\">\n\t\t\t\t<div class=\"elementor-element elementor-element-4a33841 elementor-widget elementor-widget-heading\" data-id=\"4a33841\" data-element_type=\"widget\" data-widget_type=\"heading.default\">\n\t\t\t\t<div class=\"elementor-widget-container\">\n\t\t\t\t\t<h1 class=\"elementor-heading-title elementor-size-default\">V\u00fdstavba fran\u0161\u00edzov\u00fdch pobo\u010dek<\/h1>\t\t\t\t<\/div>\n\t\t\t\t<\/div>\n\t\t\t\t<div class=\"elementor-element elementor-element-483ef1f elementor-widget elementor-widget-text-editor\" data-id=\"483ef1f\" data-element_type=\"widget\" data-widget_type=\"text-editor.default\">\n\t\t\t\t<div class=\"elementor-widget-container\">\n\t\t\t\t\t\t\t\t\t<p>Jsme hrd\u00fdm partnerem zna\u010dky RUDS PIZZA a pom\u00e1h\u00e1me s v\u00fdstavbou jejich pobo\u010dek. Pokud pl\u00e1nujete expanzi sv\u00e9ho podnik\u00e1n\u00ed, postar\u00e1me se o kompletn\u00ed realizaci fran\u0161\u00edzov\u00e9 provozovny \u2013 od n\u00e1vrhu a\u017e po fin\u00e1ln\u00ed \u00fapravy.<\/p>\t\t\t\t\t\t\t\t<\/div>\n\t\t\t\t<\/div>\n\t\t\t\t<div class=\"elementor-element elementor-element-4ce6569 elementor-widget elementor-widget-button\" data-id=\"4ce6569\" data-element_type=\"widget\" data-widget_type=\"button.default\">\n\t\t\t\t<div class=\"elementor-widget-container\">\n\t\t\t\t\t\t\t\t\t<div class=\"elementor-button-wrapper\">\n\t\t\t\t\t<a class=\"elementor-button elementor-button-link elementor-size-sm\" href=\"#\">\n\t\t\t\t\t\t<span class=\"elementor-button-content-wrapper\">\n\t\t\t\t\t\t\t\t\t<span class=\"elementor-button-text\">Sjednat ch\u016fzku<\/span>\n\t\t\t\t\t<\/span>\n\t\t\t\t\t<\/a>\n\t\t\t\t<\/div>\n\t\t\t\t\t\t\t\t<\/div>\n\t\t\t\t<\/div>\n\t\t\t\t<\/div>\n\t\t\t\t<\/div>\n\t\t<div class=\"elementor-element elementor-element-2375afb e-con-full e-flex e-con e-parent\" data-id=\"2375afb\" data-element_type=\"container\" data-settings=\"{&quot;background_background&quot;:&quot;classic&quot;}\">\n\t\t<div class=\"elementor-element elementor-element-426ad9a e-con-full e-flex e-con e-child\" data-id=\"426ad9a\" data-element_type=\"container\">\n\t\t<div class=\"elementor-element elementor-element-93e6c5e e-con-full elementor-hidden-desktop elementor-hidden-tablet e-flex e-con e-child\" data-id=\"93e6c5e\" data-element_type=\"container\">\n\t\t\t\t<div class=\"elementor-element elementor-element-ac2d1ef elementor-widget elementor-widget-heading\" data-id=\"ac2d1ef\" data-element_type=\"widget\" data-widget_type=\"heading.default\">\n\t\t\t\t<div class=\"elementor-widget-container\">\n\t\t\t\t\t<h1 class=\"elementor-heading-title elementor-size-default\">V\u00fdstavba fran\u0161\u00edzov\u00fdch pobo\u010dek\u200b<\/h1>\t\t\t\t<\/div>\n\t\t\t\t<\/div>\n\t\t\t\t<div class=\"elementor-element elementor-element-2b303a2 elementor-widget elementor-widget-text-editor\" data-id=\"2b303a2\" data-element_type=\"widget\" data-widget_type=\"text-editor.default\">\n\t\t\t\t<div class=\"elementor-widget-container\">\n\t\t\t\t\t\t\t\t\t<p>Jsme hrd\u00fdm partnerem zna\u010dky RUDS PIZZA a pom\u00e1h\u00e1me s v\u00fdstavbou jejich pobo\u010dek. Pokud pl\u00e1nujete expanzi sv\u00e9ho podnik\u00e1n\u00ed, postar\u00e1me se o kompletn\u00ed realizaci fran\u0161\u00edzov\u00e9 provozovny \u2013 od n\u00e1vrhu a\u017e po fin\u00e1ln\u00ed \u00fapravy.<\/p>\t\t\t\t\t\t\t\t<\/div>\n\t\t\t\t<\/div>\n\t\t\t\t<\/div>\n\t\t\t\t<div class=\"elementor-element elementor-element-828ad35 elementor-hidden-desktop elementor-hidden-tablet animated-slow elementor-invisible elementor-widget elementor-widget-image\" data-id=\"828ad35\" data-element_type=\"widget\" data-settings=\"{&quot;_animation&quot;:&quot;slideInRight&quot;}\" data-widget_type=\"image.default\">\n\t\t\t\t<div class=\"elementor-widget-container\">\n\t\t\t\t\t\t\t\t\t\t\t\t\t\t\t<img fetchpriority=\"high\" decoding=\"async\" width=\"960\" height=\"800\" src=\"https:\/\/petr3.thedilna.cz\/wp-content\/uploads\/2025\/04\/02.png\" class=\"attachment-large size-large wp-image-130\" alt=\"\" srcset=\"https:\/\/petr3.thedilna.cz\/wp-content\/uploads\/2025\/04\/02.png 960w, https:\/\/petr3.thedilna.cz\/wp-content\/uploads\/2025\/04\/02-300x250.png 300w, https:\/\/petr3.thedilna.cz\/wp-content\/uploads\/2025\/04\/02-768x640.png 768w\" sizes=\"(max-width: 960px) 100vw, 960px\" \/>\t\t\t\t\t\t\t\t\t\t\t\t\t\t\t<\/div>\n\t\t\t\t<\/div>\n\t\t\t\t<div class=\"elementor-element elementor-element-af44625 elementor-widget elementor-widget-heading\" data-id=\"af44625\" data-element_type=\"widget\" data-widget_type=\"heading.default\">\n\t\t\t\t<div class=\"elementor-widget-container\">\n\t\t\t\t\t<h2 class=\"elementor-heading-title elementor-size-default\">Zku\u0161enosti s fran\u0161\u00edzov\u00fdm modelem<\/h2>\t\t\t\t<\/div>\n\t\t\t\t<\/div>\n\t\t\t\t<div class=\"elementor-element elementor-element-2021d61 elementor-widget elementor-widget-text-editor\" data-id=\"2021d61\" data-element_type=\"widget\" data-widget_type=\"text-editor.default\">\n\t\t\t\t<div class=\"elementor-widget-container\">\n\t\t\t\t\t\t\t\t\t<p>M\u00e1me bohat\u00e9 zku\u0161enosti s v\u00fdstavbou a p\u0159estavbou pobo\u010dek pro r\u016fzn\u00e9 fran\u0161\u00edzov\u00e9 zna\u010dky. Rozum\u00edme po\u017eadavk\u016fm centr\u00e1ly a um\u00edme je skloubit s lok\u00e1ln\u00edmi podm\u00ednkami.<\/p>\t\t\t\t\t\t\t\t<\/div>\n\t\t\t\t<\/div>\n\t\t\t\t<\/div>\n\t\t<div class=\"elementor-element elementor-element-566b60d e-con-full elementor-hidden-mobile e-flex e-con e-child\" data-id=\"566b60d\" data-element_type=\"container\">\n\t\t\t\t<div class=\"elementor-element elementor-element-9a77e3a animated-slow elementor-invisible elementor-widget elementor-widget-image\" data-id=\"9a77e3a\" data-element_type=\"widget\" data-settings=\"{&quot;_animation&quot;:&quot;slideInRight&quot;}\" data-widget_type=\"image.default\">\n\t\t\t\t<div class=\"elementor-widget-container\">\n\t\t\t\t\t\t\t\t\t\t\t\t\t\t\t<img fetchpriority=\"high\" decoding=\"async\" width=\"960\" height=\"800\" src=\"https:\/\/petr3.thedilna.cz\/wp-content\/uploads\/2025\/04\/02.png\" class=\"attachment-large size-large wp-image-130\" alt=\"\" srcset=\"https:\/\/petr3.thedilna.cz\/wp-content\/uploads\/2025\/04\/02.png 960w, https:\/\/petr3.thedilna.cz\/wp-content\/uploads\/2025\/04\/02-300x250.png 300w, https:\/\/petr3.thedilna.cz\/wp-content\/uploads\/2025\/04\/02-768x640.png 768w\" sizes=\"(max-width: 960px) 100vw, 960px\" \/>\t\t\t\t\t\t\t\t\t\t\t\t\t\t\t<\/div>\n\t\t\t\t<\/div>\n\t\t\t\t<\/div>\n\t\t<div class=\"elementor-element elementor-element-91dcc0b e-con-full e-flex e-con e-child\" data-id=\"91dcc0b\" data-element_type=\"container\">\n\t\t\t\t<div class=\"elementor-element elementor-element-745b50f animated-slow elementor-invisible elementor-widget elementor-widget-image\" data-id=\"745b50f\" data-element_type=\"widget\" data-settings=\"{&quot;_animation&quot;:&quot;slideInLeft&quot;}\" data-widget_type=\"image.default\">\n\t\t\t\t<div class=\"elementor-widget-container\">\n\t\t\t\t\t\t\t\t\t\t\t\t\t\t\t<img decoding=\"async\" width=\"960\" height=\"800\" src=\"https:\/\/petr3.thedilna.cz\/wp-content\/uploads\/2025\/04\/fra-03-2.png\" class=\"attachment-large size-large wp-image-181\" alt=\"\" srcset=\"https:\/\/petr3.thedilna.cz\/wp-content\/uploads\/2025\/04\/fra-03-2.png 960w, https:\/\/petr3.thedilna.cz\/wp-content\/uploads\/2025\/04\/fra-03-2-300x250.png 300w, https:\/\/petr3.thedilna.cz\/wp-content\/uploads\/2025\/04\/fra-03-2-768x640.png 768w\" sizes=\"(max-width: 960px) 100vw, 960px\" \/>\t\t\t\t\t\t\t\t\t\t\t\t\t\t\t<\/div>\n\t\t\t\t<\/div>\n\t\t\t\t<\/div>\n\t\t<div class=\"elementor-element elementor-element-09747dd e-con-full e-flex e-con e-child\" data-id=\"09747dd\" data-element_type=\"container\">\n\t\t\t\t<div class=\"elementor-element elementor-element-afc219a elementor-widget elementor-widget-heading\" data-id=\"afc219a\" data-element_type=\"widget\" data-widget_type=\"heading.default\">\n\t\t\t\t<div class=\"elementor-widget-container\">\n\t\t\t\t\t<h2 class=\"elementor-heading-title elementor-size-default\">Rychlost, kter\u00e1 neub\u00edr\u00e1 na kvalit\u011b<\/h2>\t\t\t\t<\/div>\n\t\t\t\t<\/div>\n\t\t\t\t<div class=\"elementor-element elementor-element-8af1625 elementor-widget elementor-widget-text-editor\" data-id=\"8af1625\" data-element_type=\"widget\" data-widget_type=\"text-editor.default\">\n\t\t\t\t<div class=\"elementor-widget-container\">\n\t\t\t\t\t\t\t\t\t<p>V oblasti fran\u0161\u00edz je kl\u00ed\u010dov\u00e1 rychlost a p\u0159esnost. Pracujeme podle jasn\u011b stanoven\u00fdch harmonogram\u016f, dodr\u017eujeme term\u00edny a z\u00e1rove\u0148 neustupujeme z vysok\u00fdch standard\u016f kvality.<\/p>\t\t\t\t\t\t\t\t<\/div>\n\t\t\t\t<\/div>\n\t\t\t\t<\/div>\n\t\t<div class=\"elementor-element elementor-element-225352c e-con-full e-flex e-con e-child\" data-id=\"225352c\" data-element_type=\"container\">\n\t\t\t\t<div class=\"elementor-element elementor-element-89c096c elementor-hidden-desktop elementor-hidden-tablet animated-slow elementor-invisible elementor-widget elementor-widget-image\" data-id=\"89c096c\" data-element_type=\"widget\" data-settings=\"{&quot;_animation&quot;:&quot;slideInRight&quot;}\" data-widget_type=\"image.default\">\n\t\t\t\t<div class=\"elementor-widget-container\">\n\t\t\t\t\t\t\t\t\t\t\t\t\t\t\t<img decoding=\"async\" width=\"960\" height=\"800\" src=\"https:\/\/petr3.thedilna.cz\/wp-content\/uploads\/2025\/04\/fra-04-2.png\" class=\"attachment-large size-large wp-image-183\" alt=\"\" srcset=\"https:\/\/petr3.thedilna.cz\/wp-content\/uploads\/2025\/04\/fra-04-2.png 960w, https:\/\/petr3.thedilna.cz\/wp-content\/uploads\/2025\/04\/fra-04-2-300x250.png 300w, https:\/\/petr3.thedilna.cz\/wp-content\/uploads\/2025\/04\/fra-04-2-768x640.png 768w\" sizes=\"(max-width: 960px) 100vw, 960px\" \/>\t\t\t\t\t\t\t\t\t\t\t\t\t\t\t<\/div>\n\t\t\t\t<\/div>\n\t\t\t\t<div class=\"elementor-element elementor-element-f14c18b elementor-widget elementor-widget-heading\" data-id=\"f14c18b\" data-element_type=\"widget\" data-widget_type=\"heading.default\">\n\t\t\t\t<div class=\"elementor-widget-container\">\n\t\t\t\t\t<h2 class=\"elementor-heading-title elementor-size-default\">Jednotn\u00fd design, individu\u00e1ln\u00ed p\u0159\u00edstup<\/h2>\t\t\t\t<\/div>\n\t\t\t\t<\/div>\n\t\t\t\t<div class=\"elementor-element elementor-element-3763009 elementor-widget elementor-widget-text-editor\" data-id=\"3763009\" data-element_type=\"widget\" data-widget_type=\"text-editor.default\">\n\t\t\t\t<div class=\"elementor-widget-container\">\n\t\t\t\t\t\t\t\t\t<p class=\"\" data-start=\"646\" data-end=\"855\">Ch\u00e1peme, \u017ee ka\u017ed\u00e1 pobo\u010dka m\u00e1 m\u00edt jednotn\u00fd vzhled, ale p\u0159esto m\u00e1 sv\u00e1 specifika. Um\u00edme tyto po\u017eadavky spojit tak, aby vznikl prostor, kter\u00fd odpov\u00edd\u00e1 vizu\u00e1ln\u00ed identit\u011b zna\u010dky i pot\u0159eb\u00e1m konkr\u00e9tn\u00edho m\u00edsta.<\/p>\t\t\t\t\t\t\t\t<\/div>\n\t\t\t\t<\/div>\n\t\t\t\t<\/div>\n\t\t<div class=\"elementor-element elementor-element-9fb9963 e-con-full elementor-hidden-mobile e-flex e-con e-child\" data-id=\"9fb9963\" data-element_type=\"container\">\n\t\t\t\t<div class=\"elementor-element elementor-element-485cc2c animated-slow elementor-invisible elementor-widget elementor-widget-image\" data-id=\"485cc2c\" data-element_type=\"widget\" data-settings=\"{&quot;_animation&quot;:&quot;slideInRight&quot;}\" data-widget_type=\"image.default\">\n\t\t\t\t<div class=\"elementor-widget-container\">\n\t\t\t\t\t\t\t\t\t\t\t\t\t\t\t<img decoding=\"async\" width=\"960\" height=\"800\" src=\"https:\/\/petr3.thedilna.cz\/wp-content\/uploads\/2025\/04\/fra-04-2.png\" class=\"attachment-large size-large wp-image-183\" alt=\"\" srcset=\"https:\/\/petr3.thedilna.cz\/wp-content\/uploads\/2025\/04\/fra-04-2.png 960w, https:\/\/petr3.thedilna.cz\/wp-content\/uploads\/2025\/04\/fra-04-2-300x250.png 300w, https:\/\/petr3.thedilna.cz\/wp-content\/uploads\/2025\/04\/fra-04-2-768x640.png 768w\" sizes=\"(max-width: 960px) 100vw, 960px\" \/>\t\t\t\t\t\t\t\t\t\t\t\t\t\t\t<\/div>\n\t\t\t\t<\/div>\n\t\t\t\t<\/div>\n\t\t<div class=\"elementor-element elementor-element-41f2903 e-con-full e-flex e-con e-child\" data-id=\"41f2903\" data-element_type=\"container\">\n\t\t\t\t<div class=\"elementor-element elementor-element-f7fe8ce elementor-widget elementor-widget-heading\" data-id=\"f7fe8ce\" data-element_type=\"widget\" data-widget_type=\"heading.default\">\n\t\t\t\t<div class=\"elementor-widget-container\">\n\t\t\t\t\t<h2 class=\"elementor-heading-title elementor-size-default\">Poptat sch\u016fzku<span style=\"font-size: 3vw; font-style: inherit;\"><\/span><\/h2>\t\t\t\t<\/div>\n\t\t\t\t<\/div>\n\t\t\t\t<div class=\"elementor-element elementor-element-fba3389 elementor-widget elementor-widget-text-editor\" data-id=\"fba3389\" data-element_type=\"widget\" data-widget_type=\"text-editor.default\">\n\t\t\t\t<div class=\"elementor-widget-container\">\n\t\t\t\t\t\t\t\t\t<p>Chcete s n\u00e1mi probrat sv\u016fj projekt? Nechte n\u00e1m na sebe kontakt a my se v\u00e1m ozveme.<\/p>\t\t\t\t\t\t\t\t<\/div>\n\t\t\t\t<\/div>\n\t\t\t\t<div class=\"elementor-element elementor-element-a520b95 elementor-widget elementor-widget-wpforms\" data-id=\"a520b95\" data-element_type=\"widget\" data-widget_type=\"wpforms.default\">\n\t\t\t\t<div class=\"elementor-widget-container\">\n\t\t\t\t\t<style id=\"wpforms-css-vars-root\">\n\t\t\t\t:root {\n\t\t\t\t\t--wpforms-field-border-radius: 3px;\n--wpforms-field-border-style: solid;\n--wpforms-field-border-size: 1px;\n--wpforms-field-background-color: #ffffff;\n--wpforms-field-border-color: rgba( 0, 0, 0, 0.25 );\n--wpforms-field-border-color-spare: rgba( 0, 0, 0, 0.25 );\n--wpforms-field-text-color: rgba( 0, 0, 0, 0.7 );\n--wpforms-field-menu-color: #ffffff;\n--wpforms-label-color: rgba( 0, 0, 0, 0.85 );\n--wpforms-label-sublabel-color: rgba( 0, 0, 0, 0.55 );\n--wpforms-label-error-color: #d63637;\n--wpforms-button-border-radius: 3px;\n--wpforms-button-border-style: none;\n--wpforms-button-border-size: 1px;\n--wpforms-button-background-color: #066aab;\n--wpforms-button-border-color: #066aab;\n--wpforms-button-text-color: #ffffff;\n--wpforms-page-break-color: #066aab;\n--wpforms-background-image: none;\n--wpforms-background-position: center center;\n--wpforms-background-repeat: no-repeat;\n--wpforms-background-size: cover;\n--wpforms-background-width: 100px;\n--wpforms-background-height: 100px;\n--wpforms-background-color: rgba( 0, 0, 0, 0 );\n--wpforms-background-url: none;\n--wpforms-container-padding: 0px;\n--wpforms-container-border-style: none;\n--wpforms-container-border-width: 1px;\n--wpforms-container-border-color: #000000;\n--wpforms-container-border-radius: 3px;\n--wpforms-field-size-input-height: 43px;\n--wpforms-field-size-input-spacing: 15px;\n--wpforms-field-size-font-size: 16px;\n--wpforms-field-size-line-height: 19px;\n--wpforms-field-size-padding-h: 14px;\n--wpforms-field-size-checkbox-size: 16px;\n--wpforms-field-size-sublabel-spacing: 5px;\n--wpforms-field-size-icon-size: 1;\n--wpforms-label-size-font-size: 16px;\n--wpforms-label-size-line-height: 19px;\n--wpforms-label-size-sublabel-font-size: 14px;\n--wpforms-label-size-sublabel-line-height: 17px;\n--wpforms-button-size-font-size: 17px;\n--wpforms-button-size-height: 41px;\n--wpforms-button-size-padding-h: 15px;\n--wpforms-button-size-margin-top: 10px;\n--wpforms-container-shadow-size-box-shadow: none;\n\n\t\t\t\t}\n\t\t\t<\/style><style id=\"wpforms-css-vars-elementor-widget-a520b95\">\n\t\t\t\t.elementor-widget-wpforms.elementor-element-a520b95 {\n\t\t\t\t\t--wpforms-field-size-input-height: 43px;\n--wpforms-field-size-input-spacing: 15px;\n--wpforms-field-size-font-size: 16px;\n--wpforms-field-size-line-height: 19px;\n--wpforms-field-size-padding-h: 14px;\n--wpforms-field-size-checkbox-size: 16px;\n--wpforms-field-size-sublabel-spacing: 5px;\n--wpforms-field-size-icon-size: 1;\n--wpforms-label-size-font-size: 16px;\n--wpforms-label-size-line-height: 19px;\n--wpforms-label-size-sublabel-font-size: 14px;\n--wpforms-label-size-sublabel-line-height: 17px;\n--wpforms-button-size-font-size: 17px;\n--wpforms-button-size-height: 41px;\n--wpforms-button-size-padding-h: 15px;\n--wpforms-button-size-margin-top: 10px;\n\n\t\t\t\t}\n\t\t\t<\/style><div class=\"wpforms-container wpforms-container-full wpforms-render-modern\" id=\"wpforms-96\"><form id=\"wpforms-form-96\" class=\"wpforms-validate wpforms-form wpforms-ajax-form\" data-formid=\"96\" method=\"post\" enctype=\"multipart\/form-data\" action=\"\/index.php?rest_route=%2Fwp%2Fv2%2Fpages%2F167\" data-token=\"d436b5c0c84b197cd1e943fc2609e1aa\" data-token-time=\"1778513395\"><noscript class=\"wpforms-error-noscript\">Chcete-li vyplnit tento formul\u00e1\u0159, pros\u00edm povolte v prohl\u00ed\u017ee\u010di JavaScript.<\/noscript><div class=\"wpforms-hidden\" id=\"wpforms-error-noscript\">Chcete-li vyplnit tento formul\u00e1\u0159, pros\u00edm povolte v prohl\u00ed\u017ee\u010di JavaScript.<\/div><div class=\"wpforms-field-container\"><div id=\"wpforms-96-field_1-container\" class=\"wpforms-field wpforms-field-name\" data-field-id=\"1\"><fieldset><legend class=\"wpforms-field-label\">Jm\u00e9no <span class=\"wpforms-required-label\" aria-hidden=\"true\">*<\/span><\/legend><div class=\"wpforms-field-row wpforms-field-medium\"><div class=\"wpforms-field-row-block wpforms-first wpforms-one-half\"><input type=\"text\" id=\"wpforms-96-field_1\" class=\"wpforms-field-name-first wpforms-field-required\" name=\"wpforms[fields][1][first]\" aria-errormessage=\"wpforms-96-field_1-error\" required><label for=\"wpforms-96-field_1\" class=\"wpforms-field-sublabel after\">K\u0159estn\u00ed jm\u00e9no<\/label><\/div><div class=\"wpforms-field-row-block wpforms-one-half\"><input type=\"text\" id=\"wpforms-96-field_1-last\" class=\"wpforms-field-name-last wpforms-field-required\" name=\"wpforms[fields][1][last]\" aria-errormessage=\"wpforms-96-field_1-last-error\" required><label for=\"wpforms-96-field_1-last\" class=\"wpforms-field-sublabel after\">P\u0159\u00edjmen\u00ed<\/label><\/div><\/div><\/fieldset><\/div><div id=\"wpforms-96-field_2-container\" class=\"wpforms-field wpforms-field-email\" data-field-id=\"2\"><label class=\"wpforms-field-label\" for=\"wpforms-96-field_2\">E-mail <span class=\"wpforms-required-label\" aria-hidden=\"true\">*<\/span><\/label><input type=\"email\" id=\"wpforms-96-field_2\" class=\"wpforms-field-medium wpforms-field-required\" name=\"wpforms[fields][2]\" spellcheck=\"false\" aria-errormessage=\"wpforms-96-field_2-error\" required><\/div><div id=\"wpforms-96-field_3-container\" class=\"wpforms-field wpforms-field-textarea\" data-field-id=\"3\"><label class=\"wpforms-field-label\" for=\"wpforms-96-field_3\">Koment\u00e1\u0159 nebo zpr\u00e1va<\/label><textarea id=\"wpforms-96-field_3\" class=\"wpforms-field-medium\" name=\"wpforms[fields][3]\" aria-errormessage=\"wpforms-96-field_3-error\" ><\/textarea><\/div><\/div><!-- .wpforms-field-container --><div class=\"wpforms-submit-container\" ><input type=\"hidden\" name=\"wpforms[id]\" value=\"96\"><input type=\"hidden\" name=\"page_title\" value=\"\"><input type=\"hidden\" name=\"page_url\" value=\"https:\/\/petr3.thedilna.cz\/index.php?rest_route=%2Fwp%2Fv2%2Fpages%2F167\"><button type=\"submit\" name=\"wpforms[submit]\" id=\"wpforms-submit-96\" class=\"wpforms-submit\" data-alt-text=\"Odes\u00edl\u00e1ni...\" data-submit-text=\"Odeslat\" aria-live=\"assertive\" value=\"wpforms-submit\">Odeslat<\/button><img loading=\"lazy\" decoding=\"async\" src=\"https:\/\/petr3.thedilna.cz\/wp-content\/plugins\/wpforms-lite\/assets\/images\/submit-spin.svg\" class=\"wpforms-submit-spinner\" style=\"display: none;\" width=\"26\" height=\"26\" alt=\"Na\u010d\u00edt\u00e1n\u00ed\"><\/div><\/form><\/div>  <!-- .wpforms-container -->\t\t\t\t<\/div>\n\t\t\t\t<\/div>\n\t\t\t\t<\/div>\n\t\t\t\t<\/div>\n\t\t\t\t<\/div>\n\t\t","protected":false},"excerpt":{"rendered":"<p>V\u00fdstavba fran\u0161\u00edzov\u00fdch pobo\u010dek Jsme hrd\u00fdm partnerem zna\u010dky RUDS PIZZA a pom\u00e1h\u00e1me s v\u00fdstavbou jejich pobo\u010dek. Pokud pl\u00e1nujete expanzi sv\u00e9ho podnik\u00e1n\u00ed, [&hellip;]<\/p>\n","protected":false},"author":1,"featured_media":0,"parent":0,"menu_order":0,"comment_status":"closed","ping_status":"closed","template":"","meta":{"site-sidebar-layout":"no-sidebar","site-content-layout":"","ast-site-content-layout":"full-width-container","site-content-style":"default","site-sidebar-style":"default","ast-global-header-display":"","ast-banner-title-visibility":"","ast-main-header-display":"","ast-hfb-above-header-display":"","ast-hfb-below-header-display":"","ast-hfb-mobile-header-display":"","site-post-title":"disabled","ast-breadcrumbs-content":"","ast-featured-img":"disabled","footer-sml-layout":"","theme-transparent-header-meta":"","adv-header-id-meta":"","stick-header-meta":"","header-above-stick-meta":"","header-main-stick-meta":"","header-below-stick-meta":"","astra-migrate-meta-layouts":"default","ast-page-background-enabled":"default","ast-page-background-meta":{"desktop":{"background-color":"var(--ast-global-color-4)","background-image":"","background-repeat":"repeat","background-position":"center center","background-size":"auto","background-attachment":"scroll","background-type":"","background-media":"","overlay-type":"","overlay-color":"","overlay-opacity":"","overlay-gradient":""},"tablet":{"background-color":"","background-image":"","background-repeat":"repeat","background-position":"center center","background-size":"auto","background-attachment":"scroll","background-type":"","background-media":"","overlay-type":"","overlay-color":"","overlay-opacity":"","overlay-gradient":""},"mobile":{"background-color":"","background-image":"","background-repeat":"repeat","background-position":"center center","background-size":"auto","background-attachment":"scroll","background-type":"","background-media":"","overlay-type":"","overlay-color":"","overlay-opacity":"","overlay-gradient":""}},"ast-content-background-meta":{"desktop":{"background-color":"var(--ast-global-color-5)","background-image":"","background-repeat":"repeat","background-position":"center center","background-size":"auto","background-attachment":"scroll","background-type":"","background-media":"","overlay-type":"","overlay-color":"","overlay-opacity":"","overlay-gradient":""},"tablet":{"background-color":"var(--ast-global-color-5)","background-image":"","background-repeat":"repeat","background-position":"center center","background-size":"auto","background-attachment":"scroll","background-type":"","background-media":"","overlay-type":"","overlay-color":"","overlay-opacity":"","overlay-gradient":""},"mobile":{"background-color":"var(--ast-global-color-5)","background-image":"","background-repeat":"repeat","background-position":"center center","background-size":"auto","background-attachment":"scroll","background-type":"","background-media":"","overlay-type":"","overlay-color":"","overlay-opacity":"","overlay-gradient":""}},"footnotes":""},"class_list":["post-167","page","type-page","status-publish","hentry"],"_links":{"self":[{"href":"https:\/\/petr3.thedilna.cz\/index.php?rest_route=\/wp\/v2\/pages\/167","targetHints":{"allow":["GET"]}}],"collection":[{"href":"https:\/\/petr3.thedilna.cz\/index.php?rest_route=\/wp\/v2\/pages"}],"about":[{"href":"https:\/\/petr3.thedilna.cz\/index.php?rest_route=\/wp\/v2\/types\/page"}],"author":[{"embeddable":true,"href":"https:\/\/petr3.thedilna.cz\/index.php?rest_route=\/wp\/v2\/users\/1"}],"replies":[{"embeddable":true,"href":"https:\/\/petr3.thedilna.cz\/index.php?rest_route=%2Fwp%2Fv2%2Fcomments&post=167"}],"version-history":[{"count":15,"href":"https:\/\/petr3.thedilna.cz\/index.php?rest_route=\/wp\/v2\/pages\/167\/revisions"}],"predecessor-version":[{"id":207,"href":"https:\/\/petr3.thedilna.cz\/index.php?rest_route=\/wp\/v2\/pages\/167\/revisions\/207"}],"wp:attachment":[{"href":"https:\/\/petr3.thedilna.cz\/index.php?rest_route=%2Fwp%2Fv2%2Fmedia&parent=167"}],"curies":[{"name":"wp","href":"https:\/\/api.w.org\/{rel}","templated":true}]}}